{"id":2318,"date":"2023-03-29T11:14:53","date_gmt":"2023-03-29T09:14:53","guid":{"rendered":"https:\/\/textilecrafts.eu\/conditions-generales-de-vente\/"},"modified":"2023-05-23T13:15:43","modified_gmt":"2023-05-23T11:15:43","slug":"conditions-generales-de-vente","status":"publish","type":"page","link":"https:\/\/textilecrafts.eu\/fr\/conditions-generales-de-vente\/","title":{"rendered":"Conditions G\u00e9n\u00e9rales de Vente"},"content":{"rendered":"<p>[et_pb_section fb_built=\u00a0\u00bb1&Prime; _builder_version=\u00a0\u00bb4.20.2&Prime; custom_padding=\u00a0\u00bb8%||10%||false|false\u00a0\u00bb global_colors_info=\u00a0\u00bb{}\u00a0\u00bb][et_pb_row _builder_version=\u00a0\u00bb4.16&Prime; max_width=\u00a0\u00bb85vw\u00a0\u00bb custom_padding=\u00a0\u00bb0px||||false|false\u00a0\u00bb global_colors_info=\u00a0\u00bb{}\u00a0\u00bb][et_pb_column type=\u00a0\u00bb4_4&Prime; _builder_version=\u00a0\u00bb4.16&Prime; custom_padding=\u00a0\u00bb|||\u00a0\u00bb global_colors_info=\u00a0\u00bb{}\u00a0\u00bb custom_padding__hover=\u00a0\u00bb|||\u00a0\u00bb][et_pb_text _builder_version=\u00a0\u00bb4.21.0&Prime; link_font=\u00a0\u00bb|600|||||||\u00a0\u00bb link_text_color=\u00a0\u00bb#0383B5&Prime; hover_enabled=\u00a0\u00bb0&Prime; global_colors_info=\u00a0\u00bb{}\u00a0\u00bb sticky_enabled=\u00a0\u00bb0&Prime;]<\/p>\n<h1>CONDITIONS G\u00c9N\u00c9RALES DE VENTE<\/h1>\n<p><strong>Quantit\u00e9 minimale de commande :<\/strong><br \/>1 bobine ou 1 \u00e9chevau, selon la pr\u00e9sentation. Aucun suppl\u00e9ment pour petites quantit\u00e9s n&rsquo;est appliqu\u00e9.<\/p>\n<p><strong>Les indications de poids :<\/strong><br \/>Les poids standard indiqu\u00e9s peuvent varier l\u00e9g\u00e8rement pour les textiles en fonction de l&rsquo;humidit\u00e9 de l&rsquo;air. Nous nous r\u00e9servons une tol\u00e9rance de +\/- 5 %. Les tubes cylindriques en carton font partie int\u00e9grante de la marchandise. En cas de conditionnement sur c\u00f4nes, le poids net est d\u00e9termin\u00e9 et factur\u00e9.<\/p>\n<p><strong>Les r\u00e9clamations:<\/strong><br \/>Veuillez nous en informer dans les 8 jours suivant la r\u00e9ception de la marchandise.<\/p>\n<p><strong>Echange de marchandise:<\/strong><br \/>Est possible apr\u00e8s accord avec nous. En cas de retour de marchandise sans accord pr\u00e9alable, nous facturons des frais de traitement de 10 % de la valeur de la marchandise, avec un minimum de 8 euros.<\/p>\n<p><strong>Conditions de paiement:<\/strong><br \/>30 jours nets \u00e0 compter de la date de facturation. Pour les livraisons en dehors de l&rsquo;Allemagne, le paiement anticip\u00e9 s&rsquo;applique lors de la premi\u00e8re commande.<\/p>\n<p><strong>Exp\u00e9dition en Allemagne:<\/strong><br \/>\u00c0 partir d&rsquo;un montant de commande de 500 euros, la livraison s&rsquo;effectue franco de port. En dessous de ce montant, les frais d&rsquo;exp\u00e9dition sont ceux indiqu\u00e9s dans le menu <a href=\"https:\/\/textilecrafts.eu\/wie-bestellen\/\">\u00ab\u00a0Frais\u00a0\u00bb<\/a>.<\/p>\n<p><strong>Livraisons ult\u00e9rieures:<\/strong><br \/>En Allemagne, les livraisons ult\u00e9rieures sont effectu\u00e9es sans frais de port. Pour les livraisons ult\u00e9rieures dans les pays de l&rsquo;UE, nous nous mettons d&rsquo;accord sur la livraison ult\u00e9rieure, car celles-ci ne sont pas franco de port.<\/p>\n<p><strong>Livraisons dans d&rsquo;autres pays de l&rsquo;UE :<\/strong><br \/>Dans ce cas, les frais de port effectifs sont factur\u00e9s dans tous les cas, voir sous <a href=\"\/fr\/comment-cela-fonctionne\/\">\u00ab\u00a0Frais\u00a0\u00bb.<\/a><\/p>\n<p>[\/et_pb_text][\/et_pb_column][\/et_pb_row][\/et_pb_section]<\/p>\n","protected":false},"excerpt":{"rendered":"<p>CONDITIONS G\u00c9N\u00c9RALES DE VENTE Quantit\u00e9 minimale de commande :1 bobine ou 1 \u00e9chevau, selon la pr\u00e9sentation. Aucun suppl\u00e9ment pour petites quantit\u00e9s n&rsquo;est appliqu\u00e9. Les indications de poids :Les poids standard indiqu\u00e9s peuvent varier l\u00e9g\u00e8rement pour les textiles en fonction de l&rsquo;humidit\u00e9 de l&rsquo;air. Nous nous r\u00e9servons une tol\u00e9rance de +\/- 5 %. Les tubes cylindriques [&hellip;]<\/p>\n","protected":false},"author":7,"featured_media":0,"parent":0,"menu_order":0,"comment_status":"closed","ping_status":"closed","template":"","meta":{"_et_pb_use_builder":"on","_et_pb_old_content":"","_et_gb_content_width":"","inline_featured_image":false,"footnotes":""},"class_list":["post-2318","page","type-page","status-publish","hentry"],"yoast_head":"<!-- This site is optimized with the Yoast SEO plugin v26.5 - https:\/\/yoast.com\/wordpress\/plugins\/seo\/ -->\n<title>Conditions G\u00e9n\u00e9rales de Vente - Textile Crafts UG<\/title>\n<meta name=\"robots\" content=\"index, follow, max-snippet:-1, max-image-preview:large, max-video-preview:-1\" \/>\n<link rel=\"canonical\" href=\"https:\/\/textilecrafts.eu\/fr\/conditions-generales-de-vente\/\" \/>\n<meta property=\"og:locale\" content=\"fr_FR\" \/>\n<meta property=\"og:type\" content=\"article\" \/>\n<meta property=\"og:title\" content=\"Conditions G\u00e9n\u00e9rales de Vente - Textile Crafts UG\" \/>\n<meta property=\"og:description\" content=\"CONDITIONS G\u00c9N\u00c9RALES DE VENTE Quantit\u00e9 minimale de commande :1 bobine ou 1 \u00e9chevau, selon la pr\u00e9sentation. Aucun suppl\u00e9ment pour petites quantit\u00e9s n&#039;est appliqu\u00e9. Les indications de poids :Les poids standard indiqu\u00e9s peuvent varier l\u00e9g\u00e8rement pour les textiles en fonction de l&#039;humidit\u00e9 de l&#039;air. Nous nous r\u00e9servons une tol\u00e9rance de +\/- 5 %. Les tubes cylindriques [&hellip;]\" \/>\n<meta property=\"og:url\" content=\"https:\/\/textilecrafts.eu\/fr\/conditions-generales-de-vente\/\" \/>\n<meta property=\"og:site_name\" content=\"Textile Crafts UG\" \/>\n<meta property=\"article:modified_time\" content=\"2023-05-23T11:15:43+00:00\" \/>\n<meta name=\"twitter:card\" content=\"summary_large_image\" \/>\n<meta name=\"twitter:label1\" content=\"Dur\u00e9e de lecture estim\u00e9e\" \/>\n\t<meta name=\"twitter:data1\" content=\"2 minutes\" \/>\n<script type=\"application\/ld+json\" class=\"yoast-schema-graph\">{\"@context\":\"https:\/\/schema.org\",\"@graph\":[{\"@type\":\"WebPage\",\"@id\":\"https:\/\/textilecrafts.eu\/fr\/conditions-generales-de-vente\/\",\"url\":\"https:\/\/textilecrafts.eu\/fr\/conditions-generales-de-vente\/\",\"name\":\"Conditions G\u00e9n\u00e9rales de Vente - Textile Crafts UG\",\"isPartOf\":{\"@id\":\"https:\/\/textilecrafts.eu\/#website\"},\"datePublished\":\"2023-03-29T09:14:53+00:00\",\"dateModified\":\"2023-05-23T11:15:43+00:00\",\"breadcrumb\":{\"@id\":\"https:\/\/textilecrafts.eu\/fr\/conditions-generales-de-vente\/#breadcrumb\"},\"inLanguage\":\"fr-FR\",\"potentialAction\":[{\"@type\":\"ReadAction\",\"target\":[\"https:\/\/textilecrafts.eu\/fr\/conditions-generales-de-vente\/\"]}]},{\"@type\":\"BreadcrumbList\",\"@id\":\"https:\/\/textilecrafts.eu\/fr\/conditions-generales-de-vente\/#breadcrumb\",\"itemListElement\":[{\"@type\":\"ListItem\",\"position\":1,\"name\":\"Home\",\"item\":\"https:\/\/textilecrafts.eu\/fr\/\"},{\"@type\":\"ListItem\",\"position\":2,\"name\":\"Conditions G\u00e9n\u00e9rales de Vente\"}]},{\"@type\":\"WebSite\",\"@id\":\"https:\/\/textilecrafts.eu\/#website\",\"url\":\"https:\/\/textilecrafts.eu\/\",\"name\":\"Textile Crafts UG\",\"description\":\"\",\"potentialAction\":[{\"@type\":\"SearchAction\",\"target\":{\"@type\":\"EntryPoint\",\"urlTemplate\":\"https:\/\/textilecrafts.eu\/?s={search_term_string}\"},\"query-input\":{\"@type\":\"PropertyValueSpecification\",\"valueRequired\":true,\"valueName\":\"search_term_string\"}}],\"inLanguage\":\"fr-FR\"}]}<\/script>\n<!-- \/ Yoast SEO plugin. -->","yoast_head_json":{"title":"Conditions G\u00e9n\u00e9rales de Vente - Textile Crafts UG","robots":{"index":"index","follow":"follow","max-snippet":"max-snippet:-1","max-image-preview":"max-image-preview:large","max-video-preview":"max-video-preview:-1"},"canonical":"https:\/\/textilecrafts.eu\/fr\/conditions-generales-de-vente\/","og_locale":"fr_FR","og_type":"article","og_title":"Conditions G\u00e9n\u00e9rales de Vente - Textile Crafts UG","og_description":"CONDITIONS G\u00c9N\u00c9RALES DE VENTE Quantit\u00e9 minimale de commande :1 bobine ou 1 \u00e9chevau, selon la pr\u00e9sentation. Aucun suppl\u00e9ment pour petites quantit\u00e9s n'est appliqu\u00e9. Les indications de poids :Les poids standard indiqu\u00e9s peuvent varier l\u00e9g\u00e8rement pour les textiles en fonction de l'humidit\u00e9 de l'air. Nous nous r\u00e9servons une tol\u00e9rance de +\/- 5 %. Les tubes cylindriques [&hellip;]","og_url":"https:\/\/textilecrafts.eu\/fr\/conditions-generales-de-vente\/","og_site_name":"Textile Crafts UG","article_modified_time":"2023-05-23T11:15:43+00:00","twitter_card":"summary_large_image","twitter_misc":{"Dur\u00e9e de lecture estim\u00e9e":"2 minutes"},"schema":{"@context":"https:\/\/schema.org","@graph":[{"@type":"WebPage","@id":"https:\/\/textilecrafts.eu\/fr\/conditions-generales-de-vente\/","url":"https:\/\/textilecrafts.eu\/fr\/conditions-generales-de-vente\/","name":"Conditions G\u00e9n\u00e9rales de Vente - Textile Crafts UG","isPartOf":{"@id":"https:\/\/textilecrafts.eu\/#website"},"datePublished":"2023-03-29T09:14:53+00:00","dateModified":"2023-05-23T11:15:43+00:00","breadcrumb":{"@id":"https:\/\/textilecrafts.eu\/fr\/conditions-generales-de-vente\/#breadcrumb"},"inLanguage":"fr-FR","potentialAction":[{"@type":"ReadAction","target":["https:\/\/textilecrafts.eu\/fr\/conditions-generales-de-vente\/"]}]},{"@type":"BreadcrumbList","@id":"https:\/\/textilecrafts.eu\/fr\/conditions-generales-de-vente\/#breadcrumb","itemListElement":[{"@type":"ListItem","position":1,"name":"Home","item":"https:\/\/textilecrafts.eu\/fr\/"},{"@type":"ListItem","position":2,"name":"Conditions G\u00e9n\u00e9rales de Vente"}]},{"@type":"WebSite","@id":"https:\/\/textilecrafts.eu\/#website","url":"https:\/\/textilecrafts.eu\/","name":"Textile Crafts UG","description":"","potentialAction":[{"@type":"SearchAction","target":{"@type":"EntryPoint","urlTemplate":"https:\/\/textilecrafts.eu\/?s={search_term_string}"},"query-input":{"@type":"PropertyValueSpecification","valueRequired":true,"valueName":"search_term_string"}}],"inLanguage":"fr-FR"}]}},"_links":{"self":[{"href":"https:\/\/textilecrafts.eu\/fr\/wp-json\/wp\/v2\/pages\/2318","targetHints":{"allow":["GET"]}}],"collection":[{"href":"https:\/\/textilecrafts.eu\/fr\/wp-json\/wp\/v2\/pages"}],"about":[{"href":"https:\/\/textilecrafts.eu\/fr\/wp-json\/wp\/v2\/types\/page"}],"author":[{"embeddable":true,"href":"https:\/\/textilecrafts.eu\/fr\/wp-json\/wp\/v2\/users\/7"}],"replies":[{"embeddable":true,"href":"https:\/\/textilecrafts.eu\/fr\/wp-json\/wp\/v2\/comments?post=2318"}],"version-history":[{"count":6,"href":"https:\/\/textilecrafts.eu\/fr\/wp-json\/wp\/v2\/pages\/2318\/revisions"}],"predecessor-version":[{"id":2392,"href":"https:\/\/textilecrafts.eu\/fr\/wp-json\/wp\/v2\/pages\/2318\/revisions\/2392"}],"wp:attachment":[{"href":"https:\/\/textilecrafts.eu\/fr\/wp-json\/wp\/v2\/media?parent=2318"}],"curies":[{"name":"wp","href":"https:\/\/api.w.org\/{rel}","templated":true}]}}