{"id":2327,"date":"2021-04-08T14:09:29","date_gmt":"2021-04-08T12:09:29","guid":{"rendered":"https:\/\/textilecrafts.eu\/comment-cela-fonctionne\/"},"modified":"2023-05-08T10:42:27","modified_gmt":"2023-05-08T08:42:27","slug":"comment-cela-fonctionne","status":"publish","type":"page","link":"https:\/\/textilecrafts.eu\/fr\/comment-cela-fonctionne\/","title":{"rendered":"Comment cela fonctionne"},"content":{"rendered":"<p>[et_pb_section fb_built=\u00a0\u00bb1&Prime; fullwidth=\u00a0\u00bbon\u00a0\u00bb _builder_version=\u00a0\u00bb4.16&Prime; _module_preset=\u00a0\u00bbdefault\u00a0\u00bb global_colors_info=\u00a0\u00bb{}\u00a0\u00bb][et_pb_fullwidth_slider _builder_version=\u00a0\u00bb4.20.2&Prime; _module_preset=\u00a0\u00bbdefault\u00a0\u00bb hover_enabled=\u00a0\u00bb0&Prime; global_colors_info=\u00a0\u00bb{}\u00a0\u00bb sticky_enabled=\u00a0\u00bb0&Prime;][et_pb_slide _builder_version=\u00a0\u00bb4.20.2&Prime; _module_preset=\u00a0\u00bbdefault\u00a0\u00bb background_enable_color=\u00a0\u00bboff\u00a0\u00bb background_image=\u00a0\u00bbhttps:\/\/textilecrafts.eu\/wp-content\/uploads\/DSC01891.jpg\u00a0\u00bb background_enable_image=\u00a0\u00bbon\u00a0\u00bb hover_enabled=\u00a0\u00bb0&Prime; global_colors_info=\u00a0\u00bb{}\u00a0\u00bb sticky_transition=\u00a0\u00bbon\u00a0\u00bb alt=\u00a0\u00bbWolle\u00a0\u00bb title_text=\u00a0\u00bbWolle\u00a0\u00bb sticky_enabled=\u00a0\u00bb0&Prime;][\/et_pb_slide][\/et_pb_fullwidth_slider][\/et_pb_section][et_pb_section fb_built=\u00a0\u00bb1&Prime; _builder_version=\u00a0\u00bb4.16&Prime; _module_preset=\u00a0\u00bbdefault\u00a0\u00bb custom_padding=\u00a0\u00bb||172px||false|false\u00a0\u00bb global_colors_info=\u00a0\u00bb{}\u00a0\u00bb][et_pb_row admin_label=\u00a0\u00bbHeader Text\u00a0\u00bb _builder_version=\u00a0\u00bb4.20.2&Prime; _module_preset=\u00a0\u00bbdefault\u00a0\u00bb positioning=\u00a0\u00bbabsolute\u00a0\u00bb position_origin_a=\u00a0\u00bbtop_center\u00a0\u00bb vertical_offset=\u00a0\u00bb-50px\u00a0\u00bb global_colors_info=\u00a0\u00bb{}\u00a0\u00bb][et_pb_column type=\u00a0\u00bb4_4&Prime; _builder_version=\u00a0\u00bb4.16&Prime; _module_preset=\u00a0\u00bbdefault\u00a0\u00bb global_colors_info=\u00a0\u00bb{}\u00a0\u00bb][et_pb_text admin_label=\u00a0\u00bbText\u00a0\u00bb _builder_version=\u00a0\u00bb4.20.2&Prime; _module_preset=\u00a0\u00bbdefault\u00a0\u00bb header_text_color=\u00a0\u00bb#FFFFFF\u00a0\u00bb header_2_font=\u00a0\u00bb|700|||||||\u00a0\u00bb header_2_text_color=\u00a0\u00bb#FFFFFF\u00a0\u00bb header_2_font_size=\u00a0\u00bb47px\u00a0\u00bb transform_translate_linked=\u00a0\u00bboff\u00a0\u00bb transform_rotate_tablet=\u00a0\u00bb\u00a0\u00bb transform_rotate_phone=\u00a0\u00bb\u00a0\u00bb transform_rotate_last_edited=\u00a0\u00bbon|desktop\u00a0\u00bb transform_skew_tablet=\u00a0\u00bb\u00a0\u00bb transform_skew_phone=\u00a0\u00bb\u00a0\u00bb transform_skew_last_edited=\u00a0\u00bbon|desktop\u00a0\u00bb transform_origin_tablet=\u00a0\u00bb\u00a0\u00bb transform_origin_phone=\u00a0\u00bb\u00a0\u00bb transform_origin_last_edited=\u00a0\u00bbon|desktop\u00a0\u00bb custom_margin=\u00a0\u00bb-60px||||false|false\u00a0\u00bb header_2_font_size_tablet=\u00a0\u00bb\u00a0\u00bb header_2_font_size_phone=\u00a0\u00bb35px\u00a0\u00bb header_2_font_size_last_edited=\u00a0\u00bbon|phone\u00a0\u00bb header_2_text_shadow_style=\u00a0\u00bbpreset2&Prime; header_2_text_shadow_blur_strength=\u00a0\u00bb0.2em\u00a0\u00bb header_2_text_shadow_color=\u00a0\u00bbrgba(0,0,0,0.6)\u00a0\u00bb global_colors_info=\u00a0\u00bb{}\u00a0\u00bb]<\/p>\n<h2>Comment cela fonctionne<\/h2>\n<p>[\/et_pb_text][\/et_pb_column][\/et_pb_row][et_pb_row make_equal=\u00a0\u00bbon\u00a0\u00bb _builder_version=\u00a0\u00bb4.16&Prime; _module_preset=\u00a0\u00bbdefault\u00a0\u00bb custom_margin=\u00a0\u00bb3vh||||false|false\u00a0\u00bb custom_padding=\u00a0\u00bb1vh|1vw|1vh|1vw|true|true\u00a0\u00bb global_colors_info=\u00a0\u00bb{}\u00a0\u00bb][et_pb_column type=\u00a0\u00bb4_4&Prime; _builder_version=\u00a0\u00bb4.16&Prime; _module_preset=\u00a0\u00bbdefault\u00a0\u00bb global_colors_info=\u00a0\u00bb{}\u00a0\u00bb][et_pb_text _builder_version=\u00a0\u00bb4.20.2&Prime; _module_preset=\u00a0\u00bbdefault\u00a0\u00bb text_font_size=\u00a0\u00bb17px\u00a0\u00bb header_3_font=\u00a0\u00bb|600||on|||||\u00a0\u00bb global_colors_info=\u00a0\u00bb{}\u00a0\u00bb]<\/p>\n<p>Une fois par semaine, les collaborateurs de Z\u00fcrcher Stalder AG en Suisse se rendent \u00e0 Rheinfelden DE avec les commandes des clients de l&rsquo;UE et d\u00e9douanent l&rsquo;ensemble des colis. \u00c0 Rheinfelden DE, les colis sont pris en charge par DHL et livr\u00e9s au client.<br \/>Cela signifie pour les clients qu&rsquo;ils re\u00e7oivent les livraisons \u00ab\u00a0d\u00e9douan\u00e9es et tax\u00e9es\u00a0\u00bb. Les formalit\u00e9s douani\u00e8res pour eux sont supprim\u00e9es. Le client re\u00e7oit une facture de Textile Crafts UG.<\/p>\n<p>Les clients de l&rsquo;UE en dehors de l&rsquo;Allemagne disposant d&rsquo;un num\u00e9ro de TVA intracommunautaire peuvent l&rsquo;indiquer lors de la commande et re\u00e7oivent la livraison conform\u00e9ment aux directives relatives aux livraisons intracommunautaires sans TVA.<br \/>Le calendrier est fixe chaque semaine. Il peut y avoir des exceptions en cas de jours f\u00e9ri\u00e9s ou d&rsquo;autres circonstances impr\u00e9vues.<\/p>\n<p>\u2022 Jusqu&rsquo;au mercredi soir, Z\u00fcrcher Stalder AG rassemble les commandes des clients de l&rsquo;UE.<br \/>\u2022 Le jeudi, Z\u00fcrcher Stalder AG organise le d\u00e9douanement et la collection par DHL.<br \/>\u2022 Le vendredi matin, Z\u00fcrcher Stalder AG se rend \u00e0 Rheinfelden.<br \/>\u2022 Le vendredi apr\u00e8s-midi, les colis sont collect\u00e9s par DHL \u00e0 Rheinfelden.<\/p>\n<p>Le lundi de la semaine suivante, les colis sont d\u00e9j\u00e0 livr\u00e9s dans la partie sud de l&rsquo;Allemagne. Le nord et l&rsquo;est de l&rsquo;Allemagne seront servis le mardi de la semaine suivante.<br \/>Dans les autres pays de l&rsquo;UE, les colis sont livr\u00e9s entre le mardi et le jeudi de la semaine suivante.<\/p>\n<h3>Frais<\/h3>\n<p>Frais d&rsquo;exp\u00e9dition factur\u00e9s par Textile Crafts.<br \/>(Prix hors TVA, valables \u00e0 partir de mars 2023)<br \/><strong>A l&rsquo;int\u00e9rieur de l&rsquo;Allemagne :<\/strong><br \/>0 \u2013 1 kg Euro 4.90<br \/>1 \u2013 5 kg Euro 6.50<br \/>5 \u2013 10 kg Euro 8.50<br \/>10 \u2013 20 kg Euro 14.50<br \/>Suppl\u00e9ment pour marchandises encombrantes pour les envois plus longs que 120 cm : Euro 21.-<br \/>(les peignes sont en g\u00e9n\u00e9ral environ 4 &#8211; 5 cm plus longs que la largeur de tissage).<\/p>\n<p><strong>Autres pays de l&rsquo;Union europ\u00e9enne :<\/strong><br \/>0 \u2013 5 kg Euro 13.50<br \/>5 \u2013 10 kg Euro 19.00<br \/>10 \u2013 20 kg Euro 27.00<\/p>\n<p>[\/et_pb_text][\/et_pb_column][\/et_pb_row][\/et_pb_section]<\/p>\n","protected":false},"excerpt":{"rendered":"<p>Comment cela fonctionneUne fois par semaine, les collaborateurs de Z\u00fcrcher Stalder AG en Suisse se rendent \u00e0 Rheinfelden DE avec les commandes des clients de l&rsquo;UE et d\u00e9douanent l&rsquo;ensemble des colis. \u00c0 Rheinfelden DE, les colis sont pris en charge par DHL et livr\u00e9s au client.Cela signifie pour les clients qu&rsquo;ils re\u00e7oivent les livraisons \u00ab\u00a0d\u00e9douan\u00e9es [&hellip;]<\/p>\n","protected":false},"author":7,"featured_media":0,"parent":0,"menu_order":60,"comment_status":"closed","ping_status":"closed","template":"","meta":{"_et_pb_use_builder":"on","_et_pb_old_content":"","_et_gb_content_width":"","inline_featured_image":false,"footnotes":""},"class_list":["post-2327","page","type-page","status-publish","hentry"],"yoast_head":"<!-- This site is optimized with the Yoast SEO plugin v26.5 - https:\/\/yoast.com\/wordpress\/plugins\/seo\/ -->\n<title>Comment cela fonctionne - Textile Crafts UG<\/title>\n<meta name=\"description\" content=\"Comment cela fonctionne\" \/>\n<meta name=\"robots\" content=\"index, follow, max-snippet:-1, max-image-preview:large, max-video-preview:-1\" \/>\n<link rel=\"canonical\" href=\"https:\/\/textilecrafts.eu\/fr\/comment-cela-fonctionne\/\" \/>\n<meta property=\"og:locale\" content=\"fr_FR\" \/>\n<meta property=\"og:type\" content=\"article\" \/>\n<meta property=\"og:title\" content=\"Comment cela fonctionne - Textile Crafts UG\" \/>\n<meta property=\"og:description\" content=\"Comment cela fonctionne\" \/>\n<meta property=\"og:url\" content=\"https:\/\/textilecrafts.eu\/fr\/comment-cela-fonctionne\/\" \/>\n<meta property=\"og:site_name\" content=\"Textile Crafts UG\" \/>\n<meta property=\"article:modified_time\" content=\"2023-05-08T08:42:27+00:00\" \/>\n<meta name=\"twitter:card\" content=\"summary_large_image\" \/>\n<meta name=\"twitter:label1\" content=\"Dur\u00e9e de lecture estim\u00e9e\" \/>\n\t<meta name=\"twitter:data1\" content=\"3 minutes\" \/>\n<script type=\"application\/ld+json\" class=\"yoast-schema-graph\">{\"@context\":\"https:\/\/schema.org\",\"@graph\":[{\"@type\":\"WebPage\",\"@id\":\"https:\/\/textilecrafts.eu\/fr\/comment-cela-fonctionne\/\",\"url\":\"https:\/\/textilecrafts.eu\/fr\/comment-cela-fonctionne\/\",\"name\":\"Comment cela fonctionne - Textile Crafts UG\",\"isPartOf\":{\"@id\":\"https:\/\/textilecrafts.eu\/#website\"},\"datePublished\":\"2021-04-08T12:09:29+00:00\",\"dateModified\":\"2023-05-08T08:42:27+00:00\",\"description\":\"Comment cela fonctionne\",\"breadcrumb\":{\"@id\":\"https:\/\/textilecrafts.eu\/fr\/comment-cela-fonctionne\/#breadcrumb\"},\"inLanguage\":\"fr-FR\",\"potentialAction\":[{\"@type\":\"ReadAction\",\"target\":[\"https:\/\/textilecrafts.eu\/fr\/comment-cela-fonctionne\/\"]}]},{\"@type\":\"BreadcrumbList\",\"@id\":\"https:\/\/textilecrafts.eu\/fr\/comment-cela-fonctionne\/#breadcrumb\",\"itemListElement\":[{\"@type\":\"ListItem\",\"position\":1,\"name\":\"Home\",\"item\":\"https:\/\/textilecrafts.eu\/fr\/\"},{\"@type\":\"ListItem\",\"position\":2,\"name\":\"Comment cela fonctionne\"}]},{\"@type\":\"WebSite\",\"@id\":\"https:\/\/textilecrafts.eu\/#website\",\"url\":\"https:\/\/textilecrafts.eu\/\",\"name\":\"Textile Crafts UG\",\"description\":\"\",\"potentialAction\":[{\"@type\":\"SearchAction\",\"target\":{\"@type\":\"EntryPoint\",\"urlTemplate\":\"https:\/\/textilecrafts.eu\/?s={search_term_string}\"},\"query-input\":{\"@type\":\"PropertyValueSpecification\",\"valueRequired\":true,\"valueName\":\"search_term_string\"}}],\"inLanguage\":\"fr-FR\"}]}<\/script>\n<!-- \/ Yoast SEO plugin. -->","yoast_head_json":{"title":"Comment cela fonctionne - Textile Crafts UG","description":"Comment cela fonctionne","robots":{"index":"index","follow":"follow","max-snippet":"max-snippet:-1","max-image-preview":"max-image-preview:large","max-video-preview":"max-video-preview:-1"},"canonical":"https:\/\/textilecrafts.eu\/fr\/comment-cela-fonctionne\/","og_locale":"fr_FR","og_type":"article","og_title":"Comment cela fonctionne - Textile Crafts UG","og_description":"Comment cela fonctionne","og_url":"https:\/\/textilecrafts.eu\/fr\/comment-cela-fonctionne\/","og_site_name":"Textile Crafts UG","article_modified_time":"2023-05-08T08:42:27+00:00","twitter_card":"summary_large_image","twitter_misc":{"Dur\u00e9e de lecture estim\u00e9e":"3 minutes"},"schema":{"@context":"https:\/\/schema.org","@graph":[{"@type":"WebPage","@id":"https:\/\/textilecrafts.eu\/fr\/comment-cela-fonctionne\/","url":"https:\/\/textilecrafts.eu\/fr\/comment-cela-fonctionne\/","name":"Comment cela fonctionne - Textile Crafts UG","isPartOf":{"@id":"https:\/\/textilecrafts.eu\/#website"},"datePublished":"2021-04-08T12:09:29+00:00","dateModified":"2023-05-08T08:42:27+00:00","description":"Comment cela fonctionne","breadcrumb":{"@id":"https:\/\/textilecrafts.eu\/fr\/comment-cela-fonctionne\/#breadcrumb"},"inLanguage":"fr-FR","potentialAction":[{"@type":"ReadAction","target":["https:\/\/textilecrafts.eu\/fr\/comment-cela-fonctionne\/"]}]},{"@type":"BreadcrumbList","@id":"https:\/\/textilecrafts.eu\/fr\/comment-cela-fonctionne\/#breadcrumb","itemListElement":[{"@type":"ListItem","position":1,"name":"Home","item":"https:\/\/textilecrafts.eu\/fr\/"},{"@type":"ListItem","position":2,"name":"Comment cela fonctionne"}]},{"@type":"WebSite","@id":"https:\/\/textilecrafts.eu\/#website","url":"https:\/\/textilecrafts.eu\/","name":"Textile Crafts UG","description":"","potentialAction":[{"@type":"SearchAction","target":{"@type":"EntryPoint","urlTemplate":"https:\/\/textilecrafts.eu\/?s={search_term_string}"},"query-input":{"@type":"PropertyValueSpecification","valueRequired":true,"valueName":"search_term_string"}}],"inLanguage":"fr-FR"}]}},"_links":{"self":[{"href":"https:\/\/textilecrafts.eu\/fr\/wp-json\/wp\/v2\/pages\/2327","targetHints":{"allow":["GET"]}}],"collection":[{"href":"https:\/\/textilecrafts.eu\/fr\/wp-json\/wp\/v2\/pages"}],"about":[{"href":"https:\/\/textilecrafts.eu\/fr\/wp-json\/wp\/v2\/types\/page"}],"author":[{"embeddable":true,"href":"https:\/\/textilecrafts.eu\/fr\/wp-json\/wp\/v2\/users\/7"}],"replies":[{"embeddable":true,"href":"https:\/\/textilecrafts.eu\/fr\/wp-json\/wp\/v2\/comments?post=2327"}],"version-history":[{"count":8,"href":"https:\/\/textilecrafts.eu\/fr\/wp-json\/wp\/v2\/pages\/2327\/revisions"}],"predecessor-version":[{"id":2340,"href":"https:\/\/textilecrafts.eu\/fr\/wp-json\/wp\/v2\/pages\/2327\/revisions\/2340"}],"wp:attachment":[{"href":"https:\/\/textilecrafts.eu\/fr\/wp-json\/wp\/v2\/media?parent=2327"}],"curies":[{"name":"wp","href":"https:\/\/api.w.org\/{rel}","templated":true}]}}