{"id":2330,"date":"2019-04-09T12:19:35","date_gmt":"2019-04-09T10:19:35","guid":{"rendered":"https:\/\/textilecrafts.eu\/mentions-legales\/"},"modified":"2023-05-08T10:42:27","modified_gmt":"2023-05-08T08:42:27","slug":"mentions-legales","status":"publish","type":"page","link":"https:\/\/textilecrafts.eu\/fr\/mentions-legales\/","title":{"rendered":"Mentions l\u00e9gales"},"content":{"rendered":"<p>[et_pb_section fb_built=\u00a0\u00bb1&Prime; _builder_version=\u00a0\u00bb4.20.2&Prime; custom_padding=\u00a0\u00bb8%||10%||false|false\u00a0\u00bb hover_enabled=\u00a0\u00bb0&Prime; global_colors_info=\u00a0\u00bb{}\u00a0\u00bb sticky_enabled=\u00a0\u00bb0&Prime;][et_pb_row _builder_version=\u00a0\u00bb4.16&Prime; max_width=\u00a0\u00bb85vw\u00a0\u00bb custom_padding=\u00a0\u00bb0px||||false|false\u00a0\u00bb global_colors_info=\u00a0\u00bb{}\u00a0\u00bb][et_pb_column type=\u00a0\u00bb4_4&Prime; _builder_version=\u00a0\u00bb4.16&Prime; custom_padding=\u00a0\u00bb|||\u00a0\u00bb global_colors_info=\u00a0\u00bb{}\u00a0\u00bb custom_padding__hover=\u00a0\u00bb|||\u00a0\u00bb][et_pb_text _builder_version=\u00a0\u00bb4.20.2&Prime; link_font=\u00a0\u00bb|600|||||||\u00a0\u00bb link_text_color=\u00a0\u00bb#0383B5&Prime; hover_enabled=\u00a0\u00bb0&Prime; global_colors_info=\u00a0\u00bb{}\u00a0\u00bb sticky_enabled=\u00a0\u00bb0&Prime;]<\/p>\n<h1>Mentions l\u00e9gales<\/h1>\n<p>L&rsquo;adresse des mentions l\u00e9gales se r\u00e9f\u00e8re au contenu du site Internet. Pour toute question concernant les produits, les commandes, le traitement des exp\u00e9ditions, etc., veuillez envoyer un e-mail \u00e0 <a href=\"mailto:info@textilecrafts.eu\">info@textilecrafts.eu.<\/a><\/p>\n<p>Textile Crafts UG (responsabilit\u00e9 limit\u00e9e)<br \/>Untere Dorfstrasse 36B<br \/>DE-79618 Rheinfelden<br \/>E-Mail: <a href=\"mailto:info@textilecrafts.eu\">info@textilecrafts.eu<\/a><\/p>\n<p>Directeur : Theo Stalder<\/p>\n<p>Responsable de la s\u00e9curit\u00e9 des donn\u00e9es : Cornelia Z\u00fcrcher<br \/>Remarque sur la responsabilit\u00e9 : Textile Crafts n&rsquo;assume aucune responsabilit\u00e9 pour les liens externes. Les exploitants des pages li\u00e9es sont responsables de leur contenu.<\/p>\n<p>[\/et_pb_text][\/et_pb_column][\/et_pb_row][\/et_pb_section]<\/p>\n","protected":false},"excerpt":{"rendered":"<p>Mentions l\u00e9gales L&rsquo;adresse des mentions l\u00e9gales se r\u00e9f\u00e8re au contenu du site Internet. Pour toute question concernant les produits, les commandes, le traitement des exp\u00e9ditions, etc., veuillez envoyer un e-mail \u00e0 info@textilecrafts.eu. Textile Crafts UG (responsabilit\u00e9 limit\u00e9e)Untere Dorfstrasse 36BDE-79618 RheinfeldenE-Mail: info@textilecrafts.eu Directeur : Theo Stalder Responsable de la s\u00e9curit\u00e9 des donn\u00e9es : Cornelia Z\u00fcrcherRemarque sur [&hellip;]<\/p>\n","protected":false},"author":7,"featured_media":0,"parent":0,"menu_order":1100,"comment_status":"closed","ping_status":"closed","template":"","meta":{"_et_pb_use_builder":"on","_et_pb_old_content":"","_et_gb_content_width":"","inline_featured_image":false,"footnotes":""},"class_list":["post-2330","page","type-page","status-publish","hentry"],"yoast_head":"<!-- This site is optimized with the Yoast SEO plugin v26.5 - https:\/\/yoast.com\/wordpress\/plugins\/seo\/ -->\n<title>Mentions l\u00e9gales - Textile Crafts UG<\/title>\n<meta name=\"robots\" content=\"index, follow, max-snippet:-1, max-image-preview:large, max-video-preview:-1\" \/>\n<link rel=\"canonical\" href=\"https:\/\/textilecrafts.eu\/fr\/mentions-legales\/\" \/>\n<meta property=\"og:locale\" content=\"fr_FR\" \/>\n<meta property=\"og:type\" content=\"article\" \/>\n<meta property=\"og:title\" content=\"Mentions l\u00e9gales - Textile Crafts UG\" \/>\n<meta property=\"og:description\" content=\"Mentions l\u00e9gales L&#039;adresse des mentions l\u00e9gales se r\u00e9f\u00e8re au contenu du site Internet. Pour toute question concernant les produits, les commandes, le traitement des exp\u00e9ditions, etc., veuillez envoyer un e-mail \u00e0 info@textilecrafts.eu. Textile Crafts UG (responsabilit\u00e9 limit\u00e9e)Untere Dorfstrasse 36BDE-79618 RheinfeldenE-Mail: info@textilecrafts.eu Directeur : Theo Stalder Responsable de la s\u00e9curit\u00e9 des donn\u00e9es : Cornelia Z\u00fcrcherRemarque sur [&hellip;]\" \/>\n<meta property=\"og:url\" content=\"https:\/\/textilecrafts.eu\/fr\/mentions-legales\/\" \/>\n<meta property=\"og:site_name\" content=\"Textile Crafts UG\" \/>\n<meta property=\"article:modified_time\" content=\"2023-05-08T08:42:27+00:00\" \/>\n<meta name=\"twitter:card\" content=\"summary_large_image\" \/>\n<meta name=\"twitter:label1\" content=\"Dur\u00e9e de lecture estim\u00e9e\" \/>\n\t<meta name=\"twitter:data1\" content=\"1 minute\" \/>\n<script type=\"application\/ld+json\" class=\"yoast-schema-graph\">{\"@context\":\"https:\/\/schema.org\",\"@graph\":[{\"@type\":\"WebPage\",\"@id\":\"https:\/\/textilecrafts.eu\/fr\/mentions-legales\/\",\"url\":\"https:\/\/textilecrafts.eu\/fr\/mentions-legales\/\",\"name\":\"Mentions l\u00e9gales - Textile Crafts UG\",\"isPartOf\":{\"@id\":\"https:\/\/textilecrafts.eu\/#website\"},\"datePublished\":\"2019-04-09T10:19:35+00:00\",\"dateModified\":\"2023-05-08T08:42:27+00:00\",\"breadcrumb\":{\"@id\":\"https:\/\/textilecrafts.eu\/fr\/mentions-legales\/#breadcrumb\"},\"inLanguage\":\"fr-FR\",\"potentialAction\":[{\"@type\":\"ReadAction\",\"target\":[\"https:\/\/textilecrafts.eu\/fr\/mentions-legales\/\"]}]},{\"@type\":\"BreadcrumbList\",\"@id\":\"https:\/\/textilecrafts.eu\/fr\/mentions-legales\/#breadcrumb\",\"itemListElement\":[{\"@type\":\"ListItem\",\"position\":1,\"name\":\"Home\",\"item\":\"https:\/\/textilecrafts.eu\/fr\/\"},{\"@type\":\"ListItem\",\"position\":2,\"name\":\"Mentions l\u00e9gales\"}]},{\"@type\":\"WebSite\",\"@id\":\"https:\/\/textilecrafts.eu\/#website\",\"url\":\"https:\/\/textilecrafts.eu\/\",\"name\":\"Textile Crafts UG\",\"description\":\"\",\"potentialAction\":[{\"@type\":\"SearchAction\",\"target\":{\"@type\":\"EntryPoint\",\"urlTemplate\":\"https:\/\/textilecrafts.eu\/?s={search_term_string}\"},\"query-input\":{\"@type\":\"PropertyValueSpecification\",\"valueRequired\":true,\"valueName\":\"search_term_string\"}}],\"inLanguage\":\"fr-FR\"}]}<\/script>\n<!-- \/ Yoast SEO plugin. -->","yoast_head_json":{"title":"Mentions l\u00e9gales - Textile Crafts UG","robots":{"index":"index","follow":"follow","max-snippet":"max-snippet:-1","max-image-preview":"max-image-preview:large","max-video-preview":"max-video-preview:-1"},"canonical":"https:\/\/textilecrafts.eu\/fr\/mentions-legales\/","og_locale":"fr_FR","og_type":"article","og_title":"Mentions l\u00e9gales - Textile Crafts UG","og_description":"Mentions l\u00e9gales L'adresse des mentions l\u00e9gales se r\u00e9f\u00e8re au contenu du site Internet. Pour toute question concernant les produits, les commandes, le traitement des exp\u00e9ditions, etc., veuillez envoyer un e-mail \u00e0 info@textilecrafts.eu. Textile Crafts UG (responsabilit\u00e9 limit\u00e9e)Untere Dorfstrasse 36BDE-79618 RheinfeldenE-Mail: info@textilecrafts.eu Directeur : Theo Stalder Responsable de la s\u00e9curit\u00e9 des donn\u00e9es : Cornelia Z\u00fcrcherRemarque sur [&hellip;]","og_url":"https:\/\/textilecrafts.eu\/fr\/mentions-legales\/","og_site_name":"Textile Crafts UG","article_modified_time":"2023-05-08T08:42:27+00:00","twitter_card":"summary_large_image","twitter_misc":{"Dur\u00e9e de lecture estim\u00e9e":"1 minute"},"schema":{"@context":"https:\/\/schema.org","@graph":[{"@type":"WebPage","@id":"https:\/\/textilecrafts.eu\/fr\/mentions-legales\/","url":"https:\/\/textilecrafts.eu\/fr\/mentions-legales\/","name":"Mentions l\u00e9gales - Textile Crafts UG","isPartOf":{"@id":"https:\/\/textilecrafts.eu\/#website"},"datePublished":"2019-04-09T10:19:35+00:00","dateModified":"2023-05-08T08:42:27+00:00","breadcrumb":{"@id":"https:\/\/textilecrafts.eu\/fr\/mentions-legales\/#breadcrumb"},"inLanguage":"fr-FR","potentialAction":[{"@type":"ReadAction","target":["https:\/\/textilecrafts.eu\/fr\/mentions-legales\/"]}]},{"@type":"BreadcrumbList","@id":"https:\/\/textilecrafts.eu\/fr\/mentions-legales\/#breadcrumb","itemListElement":[{"@type":"ListItem","position":1,"name":"Home","item":"https:\/\/textilecrafts.eu\/fr\/"},{"@type":"ListItem","position":2,"name":"Mentions l\u00e9gales"}]},{"@type":"WebSite","@id":"https:\/\/textilecrafts.eu\/#website","url":"https:\/\/textilecrafts.eu\/","name":"Textile Crafts UG","description":"","potentialAction":[{"@type":"SearchAction","target":{"@type":"EntryPoint","urlTemplate":"https:\/\/textilecrafts.eu\/?s={search_term_string}"},"query-input":{"@type":"PropertyValueSpecification","valueRequired":true,"valueName":"search_term_string"}}],"inLanguage":"fr-FR"}]}},"_links":{"self":[{"href":"https:\/\/textilecrafts.eu\/fr\/wp-json\/wp\/v2\/pages\/2330","targetHints":{"allow":["GET"]}}],"collection":[{"href":"https:\/\/textilecrafts.eu\/fr\/wp-json\/wp\/v2\/pages"}],"about":[{"href":"https:\/\/textilecrafts.eu\/fr\/wp-json\/wp\/v2\/types\/page"}],"author":[{"embeddable":true,"href":"https:\/\/textilecrafts.eu\/fr\/wp-json\/wp\/v2\/users\/7"}],"replies":[{"embeddable":true,"href":"https:\/\/textilecrafts.eu\/fr\/wp-json\/wp\/v2\/comments?post=2330"}],"version-history":[{"count":1,"href":"https:\/\/textilecrafts.eu\/fr\/wp-json\/wp\/v2\/pages\/2330\/revisions"}],"predecessor-version":[{"id":2333,"href":"https:\/\/textilecrafts.eu\/fr\/wp-json\/wp\/v2\/pages\/2330\/revisions\/2333"}],"wp:attachment":[{"href":"https:\/\/textilecrafts.eu\/fr\/wp-json\/wp\/v2\/media?parent=2330"}],"curies":[{"name":"wp","href":"https:\/\/api.w.org\/{rel}","templated":true}]}}