{"id":2422,"date":"2019-04-09T10:46:30","date_gmt":"2019-04-09T08:46:30","guid":{"rendered":"https:\/\/textilecrafts.eu\/contact\/"},"modified":"2023-06-13T10:27:51","modified_gmt":"2023-06-13T08:27:51","slug":"contact","status":"publish","type":"page","link":"https:\/\/textilecrafts.eu\/fr\/contact\/","title":{"rendered":"Contact"},"content":{"rendered":"<p>[et_pb_section fb_built=\u00a0\u00bb1&Prime; _builder_version=\u00a0\u00bb4.16&Prime; custom_padding=\u00a0\u00bb||2px|||\u00a0\u00bb global_colors_info=\u00a0\u00bb{}\u00a0\u00bb][et_pb_row _builder_version=\u00a0\u00bb4.16&Prime; custom_margin=\u00a0\u00bb0px||0px||false|false\u00a0\u00bb custom_padding=\u00a0\u00bb0px||0px||false|false\u00a0\u00bb global_colors_info=\u00a0\u00bb{}\u00a0\u00bb][et_pb_column type=\u00a0\u00bb4_4&Prime; _builder_version=\u00a0\u00bb4.16&Prime; custom_padding=\u00a0\u00bb|||\u00a0\u00bb global_colors_info=\u00a0\u00bb{}\u00a0\u00bb custom_padding__hover=\u00a0\u00bb|||\u00a0\u00bb][et_pb_text _builder_version=\u00a0\u00bb4.16&Prime; header_font=\u00a0\u00bb|600|||||||\u00a0\u00bb custom_padding=\u00a0\u00bb||0px|||\u00a0\u00bb global_colors_info=\u00a0\u00bb{}\u00a0\u00bb]<\/p>\n<h1>Contact<\/h1>\n<p>[\/et_pb_text][\/et_pb_column][\/et_pb_row][\/et_pb_section][et_pb_section fb_built=\u00a0\u00bb1&Prime; _builder_version=\u00a0\u00bb4.16&Prime; custom_padding=\u00a0\u00bb0px||150px||false|false\u00a0\u00bb global_colors_info=\u00a0\u00bb{}\u00a0\u00bb][et_pb_row column_structure=\u00a0\u00bb1_2,1_2&Prime; use_custom_gutter=\u00a0\u00bbon\u00a0\u00bb gutter_width=\u00a0\u00bb2&Prime; make_equal=\u00a0\u00bbon\u00a0\u00bb _builder_version=\u00a0\u00bb4.16&Prime; custom_margin=\u00a0\u00bb||||false|false\u00a0\u00bb custom_padding=\u00a0\u00bb1vh|1vw|1vh|1vw|true|true\u00a0\u00bb global_colors_info=\u00a0\u00bb{}\u00a0\u00bb][et_pb_column type=\u00a0\u00bb1_2&Prime; _builder_version=\u00a0\u00bb4.16&Prime; custom_padding=\u00a0\u00bb|||\u00a0\u00bb global_colors_info=\u00a0\u00bb{}\u00a0\u00bb custom_padding__hover=\u00a0\u00bb|||\u00a0\u00bb][et_pb_text _builder_version=\u00a0\u00bb4.16&Prime; global_colors_info=\u00a0\u00bb{}\u00a0\u00bb]<\/p>\n\n<div class=\"wpcf7 no-js\" id=\"wpcf7-f2426-o1\" lang=\"fr-FR\" dir=\"ltr\" data-wpcf7-id=\"2426\">\n<div class=\"screen-reader-response\"><p role=\"status\" aria-live=\"polite\" aria-atomic=\"true\"><\/p> <ul><\/ul><\/div>\n<form action=\"\/fr\/wp-json\/wp\/v2\/pages\/2422#wpcf7-f2426-o1\" method=\"post\" class=\"wpcf7-form init\" aria-label=\"Formulaire de contact\" novalidate=\"novalidate\" data-status=\"init\">\n<fieldset class=\"hidden-fields-container\"><input type=\"hidden\" name=\"_wpcf7\" value=\"2426\" \/><input type=\"hidden\" name=\"_wpcf7_version\" value=\"6.1.4\" \/><input type=\"hidden\" name=\"_wpcf7_locale\" value=\"fr_FR\" \/><input type=\"hidden\" name=\"_wpcf7_unit_tag\" value=\"wpcf7-f2426-o1\" \/><input type=\"hidden\" name=\"_wpcf7_container_post\" value=\"0\" \/><input type=\"hidden\" name=\"_wpcf7_posted_data_hash\" value=\"\" \/>\n<\/fieldset>\n<div class=\"wps-form\">\n    <div class=\"wps-form-row\">\n        <div>\n            <span class=\"wpcf7-form-control-wrap\" data-name=\"your_name\"><input size=\"40\" maxlength=\"400\" class=\"wpcf7-form-control wpcf7-text\" aria-invalid=\"false\" placeholder=\"Nom\" value=\"\" type=\"text\" name=\"your_name\" \/><\/span>\n        <\/div>\n<span id=\"wpcf7-6a09a2e028e68-wrapper\" class=\"wpcf7-form-control-wrap website-wrap\" style=\"display:none !important; visibility:hidden !important;\"><input type=\"hidden\" name=\"website-time-start\" value=\"1779016416\"><input type=\"hidden\" name=\"website-time-check\" value=\"4\"><label for=\"wpcf7-6a09a2e028e68-field\" class=\"hp-message\">Veuillez laisser ce champ vide.<\/label><input id=\"wpcf7-6a09a2e028e68-field\"  placeholder=\"Website URL\"  class=\"wpcf7-form-control wpcf7-text\" type=\"text\" name=\"website\" value=\"\" size=\"40\" tabindex=\"-1\" autocomplete=\"new-password\" \/><\/span>\n        <div>\n            <span class=\"wpcf7-form-control-wrap\" data-name=\"email\"><input size=\"40\" maxlength=\"400\" class=\"wpcf7-form-control wpcf7-email wpcf7-validates-as-required wpcf7-text wpcf7-validates-as-email\" aria-required=\"true\" aria-invalid=\"false\" placeholder=\"E-mail (obligatoire)\" value=\"\" type=\"email\" name=\"email\" \/><\/span>\n        <\/div>\n    <\/div>\n\n    <span class=\"wpcf7-form-control-wrap\" data-name=\"subject\"><input size=\"40\" maxlength=\"400\" class=\"wpcf7-form-control wpcf7-text\" aria-invalid=\"false\" placeholder=\"Sujet\" value=\"\" type=\"text\" name=\"subject\" \/><\/span>\n\n    <span class=\"wpcf7-form-control-wrap\" data-name=\"message\"><textarea cols=\"40\" rows=\"10\" maxlength=\"2000\" class=\"wpcf7-form-control wpcf7-textarea\" aria-invalid=\"false\" placeholder=\"Votre message\" name=\"message\"><\/textarea><\/span>\n\n    <div class=\"ds-box\">\n        <p class=\"datenschutz\">\n            <strong>Protection des donn\u00e9es<\/strong>\n            <span class=\"wpcf7-form-control-wrap\" data-name=\"privacy\"><span class=\"wpcf7-form-control wpcf7-acceptance\"><span class=\"wpcf7-list-item\"><input type=\"checkbox\" name=\"privacy\" value=\"1\" aria-invalid=\"false\" \/><\/span><\/span><\/span> J'accepte que les informations que j'ai fournies dans le formulaire de contact soient collect\u00e9es et trait\u00e9es pour r\u00e9pondre \u00e0 ma demande. Les donn\u00e9es seront conserv\u00e9es pendant 10 ans ou supprim\u00e9es sur demande. Remarque : vous pouvez \u00e0 tout moment r\u00e9voquer votre consentement pour l'avenir par e-mail. Vous trouverez des informations d\u00e9taill\u00e9es sur le traitement des donn\u00e9es des utilisateurs dans notre <a href=\"\/datenschutz\/\">d\u00e9claration de protection des donn\u00e9es<\/a>.\n  \n \n  \n \n        <\/p>\n    <\/div>\n    <input class=\"wpcf7-form-control wpcf7-submit has-spinner\" type=\"submit\" value=\"Senden\" \/>\n<\/div><div class=\"wpcf7-response-output\" aria-hidden=\"true\"><\/div>\n<\/form>\n<\/div>\n\n<p>[\/et_pb_text][\/et_pb_column][et_pb_column type=\u00a0\u00bb1_2&Prime; _builder_version=\u00a0\u00bb4.16&Prime; custom_padding=\u00a0\u00bb|||\u00a0\u00bb global_colors_info=\u00a0\u00bb{}\u00a0\u00bb custom_padding__hover=\u00a0\u00bb|||\u00a0\u00bb][et_pb_blurb title=\u00a0\u00bbCoordonn\u00e9es\u00a0\u00bb use_icon=\u00a0\u00bbon\u00a0\u00bb font_icon=\u00a0\u00bb&#x69;||divi||400&Prime; icon_placement=\u00a0\u00bbleft\u00a0\u00bb _builder_version=\u00a0\u00bb4.20.2&Prime; _module_preset=\u00a0\u00bbdefault\u00a0\u00bb body_link_font=\u00a0\u00bb|700|||||||\u00a0\u00bb body_link_text_color=\u00a0\u00bb#000000&Prime; custom_padding=\u00a0\u00bb5vh||||false|false\u00a0\u00bb hover_enabled=\u00a0\u00bb0&Prime; global_colors_info=\u00a0\u00bb{}\u00a0\u00bb body_link_text_color__hover_enabled=\u00a0\u00bbon|hover\u00a0\u00bb body_link_text_color__hover=\u00a0\u00bb#6b6b6b\u00a0\u00bb sticky_enabled=\u00a0\u00bb0&Prime; icon_color=\u00a0\u00bb#2590EC\u00a0\u00bb]<\/p>\n<p>Textile Crafts UG (haftungsbeschr\u00e4nkt)<\/p>\n<p>Num\u00e9ro de t\u00e9l\u00e9phone: +41-344484242<br \/>E-mail: info@textilecrafts.eu<\/p>\n<p>[\/et_pb_blurb][et_pb_blurb title=\u00a0\u00bbAdresse\u00a0\u00bb use_icon=\u00a0\u00bbon\u00a0\u00bb font_icon=\u00a0\u00bb&#xe01e;||divi||400&Prime; icon_placement=\u00a0\u00bbleft\u00a0\u00bb _builder_version=\u00a0\u00bb4.20.2&Prime; _module_preset=\u00a0\u00bbdefault\u00a0\u00bb body_link_font=\u00a0\u00bb|700|||||||\u00a0\u00bb body_link_text_color=\u00a0\u00bb#000000&Prime; custom_margin=\u00a0\u00bb||||false|false\u00a0\u00bb custom_padding=\u00a0\u00bb4vh||||false|false\u00a0\u00bb hover_enabled=\u00a0\u00bb0&Prime; global_colors_info=\u00a0\u00bb{}\u00a0\u00bb body_link_text_color__hover_enabled=\u00a0\u00bbon|hover\u00a0\u00bb body_link_text_color__hover=\u00a0\u00bb#6b6b6b\u00a0\u00bb icon_color=\u00a0\u00bb#2590EC\u00a0\u00bb sticky_enabled=\u00a0\u00bb0&Prime;]Untere Dorfstrasse 36B<br \/>\nDE-79618 Rheinfelden[\/et_pb_blurb][\/et_pb_column][\/et_pb_row][\/et_pb_section]<\/p>\n","protected":false},"excerpt":{"rendered":"<p>Contact\n<div class=\"wpcf7 no-js\" id=\"wpcf7-f2426-o2\" lang=\"fr-FR\" dir=\"ltr\" data-wpcf7-id=\"2426\">\n<div class=\"screen-reader-response\"><p role=\"status\" aria-live=\"polite\" aria-atomic=\"true\"><\/p> <ul><\/ul><\/div>\n<form action=\"\/fr\/wp-json\/wp\/v2\/pages\/2422#wpcf7-f2426-o2\" method=\"post\" class=\"wpcf7-form init\" aria-label=\"Formulaire de contact\" novalidate=\"novalidate\" data-status=\"init\">\n<fieldset class=\"hidden-fields-container\"><input type=\"hidden\" name=\"_wpcf7\" value=\"2426\" \/><input type=\"hidden\" name=\"_wpcf7_version\" value=\"6.1.4\" \/><input type=\"hidden\" name=\"_wpcf7_locale\" value=\"fr_FR\" \/><input type=\"hidden\" name=\"_wpcf7_unit_tag\" value=\"wpcf7-f2426-o2\" \/><input type=\"hidden\" name=\"_wpcf7_container_post\" value=\"0\" \/><input type=\"hidden\" name=\"_wpcf7_posted_data_hash\" value=\"\" \/>\n<\/fieldset>\n<div class=\"wps-form\">\n    <div class=\"wps-form-row\">\n        <div>\n            <span class=\"wpcf7-form-control-wrap\" data-name=\"your_name\"><input size=\"40\" maxlength=\"400\" class=\"wpcf7-form-control wpcf7-text\" aria-invalid=\"false\" placeholder=\"Nom\" value=\"\" type=\"text\" name=\"your_name\" \/><\/span>\n        <\/div>\n<span id=\"wpcf7-6a09a2e033b39-wrapper\" class=\"wpcf7-form-control-wrap website-wrap\" style=\"display:none !important; visibility:hidden !important;\"><input type=\"hidden\" name=\"website-time-start\" value=\"1779016416\"><input type=\"hidden\" name=\"website-time-check\" value=\"4\"><label for=\"wpcf7-6a09a2e033b39-field\" class=\"hp-message\">Veuillez laisser ce champ vide.<\/label><input id=\"wpcf7-6a09a2e033b39-field\"  placeholder=\"Website URL\"  class=\"wpcf7-form-control wpcf7-text\" type=\"text\" name=\"website\" value=\"\" size=\"40\" tabindex=\"-1\" autocomplete=\"new-password\" \/><\/span>\n        <div>\n            <span class=\"wpcf7-form-control-wrap\" data-name=\"email\"><input size=\"40\" maxlength=\"400\" class=\"wpcf7-form-control wpcf7-email wpcf7-validates-as-required wpcf7-text wpcf7-validates-as-email\" aria-required=\"true\" aria-invalid=\"false\" placeholder=\"E-mail (obligatoire)\" value=\"\" type=\"email\" name=\"email\" \/><\/span>\n        <\/div>\n    <\/div>\n\n    <span class=\"wpcf7-form-control-wrap\" data-name=\"subject\"><input size=\"40\" maxlength=\"400\" class=\"wpcf7-form-control wpcf7-text\" aria-invalid=\"false\" placeholder=\"Sujet\" value=\"\" type=\"text\" name=\"subject\" \/><\/span>\n\n    <span class=\"wpcf7-form-control-wrap\" data-name=\"message\"><textarea cols=\"40\" rows=\"10\" maxlength=\"2000\" class=\"wpcf7-form-control wpcf7-textarea\" aria-invalid=\"false\" placeholder=\"Votre message\" name=\"message\"><\/textarea><\/span>\n\n    <div class=\"ds-box\">\n        <p class=\"datenschutz\">\n            <strong>Protection des donn\u00e9es<\/strong>\n            <span class=\"wpcf7-form-control-wrap\" data-name=\"privacy\"><span class=\"wpcf7-form-control wpcf7-acceptance\"><span class=\"wpcf7-list-item\"><input type=\"checkbox\" name=\"privacy\" value=\"1\" aria-invalid=\"false\" \/><\/span><\/span><\/span> J'accepte que les informations que j'ai fournies dans le formulaire de contact soient collect\u00e9es et trait\u00e9es pour r\u00e9pondre \u00e0 ma demande. Les donn\u00e9es seront conserv\u00e9es pendant 10 ans ou supprim\u00e9es sur demande. Remarque : vous pouvez \u00e0 tout moment r\u00e9voquer votre consentement pour l'avenir par e-mail. Vous trouverez des informations d\u00e9taill\u00e9es sur le traitement des donn\u00e9es des utilisateurs dans notre <a href=\"\/datenschutz\/\">d\u00e9claration de protection des donn\u00e9es<\/a>.\n  \n \n  \n \n        <\/p>\n    <\/div>\n    <input class=\"wpcf7-form-control wpcf7-submit has-spinner\" type=\"submit\" value=\"Senden\" \/>\n<\/div><div class=\"wpcf7-response-output\" aria-hidden=\"true\"><\/div>\n<\/form>\n<\/div>\nTextile Crafts UG (haftungsbeschr\u00e4nkt) Num\u00e9ro de t\u00e9l\u00e9phone: +41-344484242E-mail: info@textilecrafts.euUntere Dorfstrasse 36B DE-79618 Rheinfelden<\/p>\n","protected":false},"author":7,"featured_media":0,"parent":0,"menu_order":900,"comment_status":"closed","ping_status":"closed","template":"","meta":{"_et_pb_use_builder":"on","_et_pb_old_content":"","_et_gb_content_width":"","inline_featured_image":false,"footnotes":""},"class_list":["post-2422","page","type-page","status-publish","hentry"],"yoast_head":"<!-- This site is optimized with the Yoast SEO plugin v26.5 - https:\/\/yoast.com\/wordpress\/plugins\/seo\/ -->\n<title>Contact - Textile Crafts UG<\/title>\n<meta name=\"description\" content=\"Nous avons \u00e9veill\u00e9 votre int\u00e9r\u00eat ou vous avez des questions ? N&#039;h\u00e9sitez pas \u00e0 nous contacter ici.\" \/>\n<meta name=\"robots\" content=\"index, follow, max-snippet:-1, max-image-preview:large, max-video-preview:-1\" \/>\n<link rel=\"canonical\" href=\"https:\/\/textilecrafts.eu\/fr\/contact\/\" \/>\n<meta property=\"og:locale\" content=\"fr_FR\" \/>\n<meta property=\"og:type\" content=\"article\" \/>\n<meta property=\"og:title\" content=\"Contact - Textile Crafts UG\" \/>\n<meta property=\"og:description\" content=\"Nous avons \u00e9veill\u00e9 votre int\u00e9r\u00eat ou vous avez des questions ? N&#039;h\u00e9sitez pas \u00e0 nous contacter ici.\" \/>\n<meta property=\"og:url\" content=\"https:\/\/textilecrafts.eu\/fr\/contact\/\" \/>\n<meta property=\"og:site_name\" content=\"Textile Crafts UG\" \/>\n<meta property=\"article:modified_time\" content=\"2023-06-13T08:27:51+00:00\" \/>\n<meta name=\"twitter:card\" content=\"summary_large_image\" \/>\n<meta name=\"twitter:label1\" content=\"Dur\u00e9e de lecture estim\u00e9e\" \/>\n\t<meta name=\"twitter:data1\" content=\"2 minutes\" \/>\n<script type=\"application\/ld+json\" class=\"yoast-schema-graph\">{\"@context\":\"https:\/\/schema.org\",\"@graph\":[{\"@type\":\"WebPage\",\"@id\":\"https:\/\/textilecrafts.eu\/fr\/contact\/\",\"url\":\"https:\/\/textilecrafts.eu\/fr\/contact\/\",\"name\":\"Contact - Textile Crafts UG\",\"isPartOf\":{\"@id\":\"https:\/\/textilecrafts.eu\/#website\"},\"datePublished\":\"2019-04-09T08:46:30+00:00\",\"dateModified\":\"2023-06-13T08:27:51+00:00\",\"description\":\"Nous avons \u00e9veill\u00e9 votre int\u00e9r\u00eat ou vous avez des questions ? N'h\u00e9sitez pas \u00e0 nous contacter ici.\",\"breadcrumb\":{\"@id\":\"https:\/\/textilecrafts.eu\/fr\/contact\/#breadcrumb\"},\"inLanguage\":\"fr-FR\",\"potentialAction\":[{\"@type\":\"ReadAction\",\"target\":[\"https:\/\/textilecrafts.eu\/fr\/contact\/\"]}]},{\"@type\":\"BreadcrumbList\",\"@id\":\"https:\/\/textilecrafts.eu\/fr\/contact\/#breadcrumb\",\"itemListElement\":[{\"@type\":\"ListItem\",\"position\":1,\"name\":\"Home\",\"item\":\"https:\/\/textilecrafts.eu\/fr\/\"},{\"@type\":\"ListItem\",\"position\":2,\"name\":\"Contact\"}]},{\"@type\":\"WebSite\",\"@id\":\"https:\/\/textilecrafts.eu\/#website\",\"url\":\"https:\/\/textilecrafts.eu\/\",\"name\":\"Textile Crafts UG\",\"description\":\"\",\"potentialAction\":[{\"@type\":\"SearchAction\",\"target\":{\"@type\":\"EntryPoint\",\"urlTemplate\":\"https:\/\/textilecrafts.eu\/?s={search_term_string}\"},\"query-input\":{\"@type\":\"PropertyValueSpecification\",\"valueRequired\":true,\"valueName\":\"search_term_string\"}}],\"inLanguage\":\"fr-FR\"}]}<\/script>\n<!-- \/ Yoast SEO plugin. -->","yoast_head_json":{"title":"Contact - Textile Crafts UG","description":"Nous avons \u00e9veill\u00e9 votre int\u00e9r\u00eat ou vous avez des questions ? N'h\u00e9sitez pas \u00e0 nous contacter ici.","robots":{"index":"index","follow":"follow","max-snippet":"max-snippet:-1","max-image-preview":"max-image-preview:large","max-video-preview":"max-video-preview:-1"},"canonical":"https:\/\/textilecrafts.eu\/fr\/contact\/","og_locale":"fr_FR","og_type":"article","og_title":"Contact - Textile Crafts UG","og_description":"Nous avons \u00e9veill\u00e9 votre int\u00e9r\u00eat ou vous avez des questions ? N'h\u00e9sitez pas \u00e0 nous contacter ici.","og_url":"https:\/\/textilecrafts.eu\/fr\/contact\/","og_site_name":"Textile Crafts UG","article_modified_time":"2023-06-13T08:27:51+00:00","twitter_card":"summary_large_image","twitter_misc":{"Dur\u00e9e de lecture estim\u00e9e":"2 minutes"},"schema":{"@context":"https:\/\/schema.org","@graph":[{"@type":"WebPage","@id":"https:\/\/textilecrafts.eu\/fr\/contact\/","url":"https:\/\/textilecrafts.eu\/fr\/contact\/","name":"Contact - Textile Crafts UG","isPartOf":{"@id":"https:\/\/textilecrafts.eu\/#website"},"datePublished":"2019-04-09T08:46:30+00:00","dateModified":"2023-06-13T08:27:51+00:00","description":"Nous avons \u00e9veill\u00e9 votre int\u00e9r\u00eat ou vous avez des questions ? N'h\u00e9sitez pas \u00e0 nous contacter ici.","breadcrumb":{"@id":"https:\/\/textilecrafts.eu\/fr\/contact\/#breadcrumb"},"inLanguage":"fr-FR","potentialAction":[{"@type":"ReadAction","target":["https:\/\/textilecrafts.eu\/fr\/contact\/"]}]},{"@type":"BreadcrumbList","@id":"https:\/\/textilecrafts.eu\/fr\/contact\/#breadcrumb","itemListElement":[{"@type":"ListItem","position":1,"name":"Home","item":"https:\/\/textilecrafts.eu\/fr\/"},{"@type":"ListItem","position":2,"name":"Contact"}]},{"@type":"WebSite","@id":"https:\/\/textilecrafts.eu\/#website","url":"https:\/\/textilecrafts.eu\/","name":"Textile Crafts UG","description":"","potentialAction":[{"@type":"SearchAction","target":{"@type":"EntryPoint","urlTemplate":"https:\/\/textilecrafts.eu\/?s={search_term_string}"},"query-input":{"@type":"PropertyValueSpecification","valueRequired":true,"valueName":"search_term_string"}}],"inLanguage":"fr-FR"}]}},"_links":{"self":[{"href":"https:\/\/textilecrafts.eu\/fr\/wp-json\/wp\/v2\/pages\/2422","targetHints":{"allow":["GET"]}}],"collection":[{"href":"https:\/\/textilecrafts.eu\/fr\/wp-json\/wp\/v2\/pages"}],"about":[{"href":"https:\/\/textilecrafts.eu\/fr\/wp-json\/wp\/v2\/types\/page"}],"author":[{"embeddable":true,"href":"https:\/\/textilecrafts.eu\/fr\/wp-json\/wp\/v2\/users\/7"}],"replies":[{"embeddable":true,"href":"https:\/\/textilecrafts.eu\/fr\/wp-json\/wp\/v2\/comments?post=2422"}],"version-history":[{"count":2,"href":"https:\/\/textilecrafts.eu\/fr\/wp-json\/wp\/v2\/pages\/2422\/revisions"}],"predecessor-version":[{"id":2424,"href":"https:\/\/textilecrafts.eu\/fr\/wp-json\/wp\/v2\/pages\/2422\/revisions\/2424"}],"wp:attachment":[{"href":"https:\/\/textilecrafts.eu\/fr\/wp-json\/wp\/v2\/media?parent=2422"}],"curies":[{"name":"wp","href":"https:\/\/api.w.org\/{rel}","templated":true}]}}